{"id":3745,"date":"2021-10-01T14:21:01","date_gmt":"2021-10-01T19:21:01","guid":{"rendered":"https:\/\/www.conac-ac.org\/v2\/?page_id=3745"},"modified":"2024-12-17T22:49:49","modified_gmt":"2024-12-18T04:49:49","slug":"alianzas-estrategicas","status":"publish","type":"page","link":"https:\/\/www.conac-ac.org\/v2\/alianzas-estrategicas\/","title":{"rendered":"Alianzas estrat\u00e9gicas"},"content":{"rendered":"<div id=\"pl-3745\"  class=\"panel-layout\" ><div id=\"pg-3745-0\"  class=\"panel-grid panel-no-style\" ><div id=\"pgc-3745-0-0\"  class=\"panel-grid-cell\" ><div id=\"panel-3745-0-0-0\" class=\"so-panel widget widget_sow-editor panel-first-child panel-last-child\" data-index=\"0\" ><div\n\t\t\t\n\t\t\tclass=\"so-widget-sow-editor so-widget-sow-editor-base\"\n\t\t\t\n\t\t><h3 class=\"widget-title\">Alianzas Estrat\u00e9gicas<\/h3>\n<div class=\"siteorigin-widget-tinymce textwidget\">\n\t<p style=\"text-align: justify;\">El Consejo de Acreditaci\u00f3n de la Comunicaci\u00f3n y las Ciencias Sociales A. C. (CONAC), firm\u00f3 convenios con pares institucionales con la Agencia Acreditadora de Chile S.A. y con la Agencia Acreditadora AcreditAcci\u00f3n de este mismo pa\u00eds, esto, con el objetivo de llevar al plano de consolidaci\u00f3n su proyecto de <b>Acreditaci\u00f3n con Reconocimiento Internacional<\/b>, para programas pertenecientes a las \u00e1reas de Comunicaci\u00f3n y Ciencias Sociales tanto en M\u00e9xico como en Latinoam\u00e9rica.<\/p>\n<p style=\"text-align: justify;\">Adem\u00e1s de ello, mantenemos una estrecha relaci\u00f3n con el Sistema Nacional de Acreditaci\u00f3n de la Educaci\u00f3n Superior (SINAES) de Costa Rica, con quien continuamente realizamos el registro y actualizaci\u00f3n de nuestros Pares Evaluadores en su directorio internacional.<\/p>\n<\/div>\n<\/div><\/div><\/div><\/div><div id=\"pg-3745-1\"  class=\"panel-grid panel-no-style\" ><div id=\"pgc-3745-1-0\"  class=\"panel-grid-cell\" ><div id=\"panel-3745-1-0-0\" class=\"so-panel widget widget_sow-editor panel-first-child panel-last-child\" data-index=\"1\" ><div\n\t\t\t\n\t\t\tclass=\"so-widget-sow-editor so-widget-sow-editor-base\"\n\t\t\t\n\t\t>\n<div class=\"siteorigin-widget-tinymce textwidget\">\n\t<h3 style=\"text-align: center;\">Convenios de CONAC para reconocimiento\u200b de acreditaci\u00f3n internacional<\/h3>\n<hr \/>\n<p>&nbsp;<\/p>\n<\/div>\n<\/div><\/div><\/div><\/div><div id=\"pg-3745-2\"  class=\"panel-grid panel-no-style\" ><div id=\"pgc-3745-2-0\"  class=\"panel-grid-cell\" ><div id=\"panel-3745-2-0-0\" class=\"so-panel widget widget_sow-image panel-first-child panel-last-child\" data-index=\"2\" ><div\n\t\t\t\n\t\t\tclass=\"so-widget-sow-image so-widget-sow-image-default-113ccd71f3e6-3745\"\n\t\t\t\n\t\t>\n<div class=\"sow-image-container\">\n\t\t\t<a href=\"http:\/\/riaces.org\/\"\n\t\t\ttarget=\"_blank\" rel=\"noopener noreferrer\" \t\t>\n\t\t\t<img \n\tsrc=\"https:\/\/www.conac-ac.org\/v2\/wp-content\/uploads\/2024\/06\/RIACES-300x104.jpg\" width=\"300\" height=\"104\" srcset=\"https:\/\/www.conac-ac.org\/v2\/wp-content\/uploads\/2024\/06\/RIACES-300x104.jpg 300w, https:\/\/www.conac-ac.org\/v2\/wp-content\/uploads\/2024\/06\/RIACES.jpg 458w\" sizes=\"(max-width: 300px) 100vw, 300px\" title=\"RIACES\" alt=\"RIACES\" \t\tclass=\"so-widget-image\"\/>\n\t\t\t<\/a><\/div>\n\n<\/div><\/div><\/div><div id=\"pgc-3745-2-1\"  class=\"panel-grid-cell\" ><div id=\"panel-3745-2-1-0\" class=\"so-panel widget widget_sow-image panel-first-child panel-last-child\" data-index=\"3\" ><div\n\t\t\t\n\t\t\tclass=\"so-widget-sow-image so-widget-sow-image-default-113ccd71f3e6-3745\"\n\t\t\t\n\t\t>\n<div class=\"sow-image-container\">\n\t\t\t<a href=\"http:\/\/www.acreditadoradechile.cl\/\"\n\t\t\ttarget=\"_blank\" rel=\"noopener noreferrer\" \t\t>\n\t\t\t<img \n\tsrc=\"https:\/\/www.conac-ac.org\/v2\/wp-content\/uploads\/2020\/10\/logo-AC-ok-removebg-preview-1-1-300x164.png\" width=\"300\" height=\"164\" srcset=\"https:\/\/www.conac-ac.org\/v2\/wp-content\/uploads\/2020\/10\/logo-AC-ok-removebg-preview-1-1-300x164.png 300w, https:\/\/www.conac-ac.org\/v2\/wp-content\/uploads\/2020\/10\/logo-AC-ok-removebg-preview-1-1.png 451w\" sizes=\"(max-width: 300px) 100vw, 300px\" title=\"Acreditadora de Chile \" alt=\"Acreditadora de Chile \" \t\tclass=\"so-widget-image\"\/>\n\t\t\t<\/a><\/div>\n\n<\/div><\/div><\/div><\/div><div id=\"pg-3745-3\"  class=\"panel-grid panel-no-style\" ><div id=\"pgc-3745-3-0\"  class=\"panel-grid-cell\" ><div id=\"panel-3745-3-0-0\" class=\"so-panel widget widget_sow-image panel-first-child panel-last-child\" data-index=\"4\" ><div\n\t\t\t\n\t\t\tclass=\"so-widget-sow-image so-widget-sow-image-default-113ccd71f3e6-3745\"\n\t\t\t\n\t\t>\n<div class=\"sow-image-container\">\n\t\t\t<a href=\"https:\/\/acreditaccion.cl\/\"\n\t\t\ttarget=\"_blank\" rel=\"noopener noreferrer\" \t\t>\n\t\t\t<img \n\tsrc=\"https:\/\/www.conac-ac.org\/v2\/wp-content\/uploads\/2020\/10\/acreditaccion__1_-removebg-preview_1-lanczos3-300x87.png\" width=\"300\" height=\"87\" srcset=\"https:\/\/www.conac-ac.org\/v2\/wp-content\/uploads\/2020\/10\/acreditaccion__1_-removebg-preview_1-lanczos3-300x87.png 300w, https:\/\/www.conac-ac.org\/v2\/wp-content\/uploads\/2020\/10\/acreditaccion__1_-removebg-preview_1-lanczos3.png 540w\" sizes=\"(max-width: 300px) 100vw, 300px\" title=\"AcreditAcci\u00f3n\" alt=\"AcreditAcci\u00f3n\" \t\tclass=\"so-widget-image\"\/>\n\t\t\t<\/a><\/div>\n\n<\/div><\/div><\/div><div id=\"pgc-3745-3-1\"  class=\"panel-grid-cell\" ><div id=\"panel-3745-3-1-0\" class=\"so-panel widget widget_sow-image panel-first-child panel-last-child\" data-index=\"5\" ><div\n\t\t\t\n\t\t\tclass=\"so-widget-sow-image so-widget-sow-image-default-113ccd71f3e6-3745\"\n\t\t\t\n\t\t>\n<div class=\"sow-image-container\">\n\t\t\t<a href=\"http:\/\/www.rauiamerica.org\/\"\n\t\t\ttarget=\"_blank\" rel=\"noopener noreferrer\" \t\t>\n\t\t\t<img \n\tsrc=\"https:\/\/www.conac-ac.org\/v2\/wp-content\/uploads\/2021\/10\/RAUI-America-logo-300x70.png\" width=\"300\" height=\"70\" srcset=\"https:\/\/www.conac-ac.org\/v2\/wp-content\/uploads\/2021\/10\/RAUI-America-logo-300x70.png 300w, https:\/\/www.conac-ac.org\/v2\/wp-content\/uploads\/2021\/10\/RAUI-America-logo-1024x239.png 1024w, https:\/\/www.conac-ac.org\/v2\/wp-content\/uploads\/2021\/10\/RAUI-America-logo-768x179.png 768w, https:\/\/www.conac-ac.org\/v2\/wp-content\/uploads\/2021\/10\/RAUI-America-logo.png 1200w\" sizes=\"(max-width: 300px) 100vw, 300px\" title=\"RAUI Am\u00e9rica\" alt=\"RAUI Am\u00e9rica\" \t\tclass=\"so-widget-image\"\/>\n\t\t\t<\/a><\/div>\n\n<\/div><\/div><\/div><\/div><div id=\"pg-3745-4\"  class=\"panel-grid panel-no-style\" ><div id=\"pgc-3745-4-0\"  class=\"panel-grid-cell\" ><div id=\"panel-3745-4-0-0\" class=\"so-panel widget widget_sow-image panel-first-child panel-last-child\" data-index=\"6\" ><div\n\t\t\t\n\t\t\tclass=\"so-widget-sow-image so-widget-sow-image-default-113ccd71f3e6-3745\"\n\t\t\t\n\t\t>\n<div class=\"sow-image-container\">\n\t\t\t<a href=\"https:\/\/www.caceca.org\/\"\n\t\t\ttarget=\"_blank\" rel=\"noopener noreferrer\" \t\t>\n\t\t\t<img \n\tsrc=\"https:\/\/www.conac-ac.org\/v2\/wp-content\/uploads\/2021\/10\/CANECA-logo-300x110.png\" width=\"300\" height=\"110\" srcset=\"https:\/\/www.conac-ac.org\/v2\/wp-content\/uploads\/2021\/10\/CANECA-logo-300x110.png 300w, https:\/\/www.conac-ac.org\/v2\/wp-content\/uploads\/2021\/10\/CANECA-logo.png 370w\" sizes=\"(max-width: 300px) 100vw, 300px\" title=\"CANECA\" alt=\"CANECA\" \t\tclass=\"so-widget-image\"\/>\n\t\t\t<\/a><\/div>\n\n<\/div><\/div><\/div><div id=\"pgc-3745-4-1\"  class=\"panel-grid-cell\" ><div id=\"panel-3745-4-1-0\" class=\"so-panel widget widget_sow-image panel-first-child panel-last-child\" data-index=\"7\" ><div\n\t\t\t\n\t\t\tclass=\"so-widget-sow-image so-widget-sow-image-default-113ccd71f3e6-3745\"\n\t\t\t\n\t\t>\n<div class=\"sow-image-container\">\n\t\t\t<a href=\"https:\/\/calidadeducativa.org\/\"\n\t\t\ttarget=\"_blank\" rel=\"noopener noreferrer\" \t\t>\n\t\t\t<img \n\tsrc=\"https:\/\/www.conac-ac.org\/v2\/wp-content\/uploads\/2021\/10\/aice-logo-150x150.png\" width=\"150\" height=\"150\" srcset=\"https:\/\/www.conac-ac.org\/v2\/wp-content\/uploads\/2021\/10\/aice-logo-150x150.png 150w, https:\/\/www.conac-ac.org\/v2\/wp-content\/uploads\/2021\/10\/aice-logo-300x300.png 300w, https:\/\/www.conac-ac.org\/v2\/wp-content\/uploads\/2021\/10\/aice-logo-100x100.png 100w, https:\/\/www.conac-ac.org\/v2\/wp-content\/uploads\/2021\/10\/aice-logo-140x140.png 140w, https:\/\/www.conac-ac.org\/v2\/wp-content\/uploads\/2021\/10\/aice-logo-350x350.png 350w, https:\/\/www.conac-ac.org\/v2\/wp-content\/uploads\/2021\/10\/aice-logo.png 355w\" sizes=\"(max-width: 150px) 100vw, 150px\" title=\"AICE\" alt=\"AICE\" \t\tclass=\"so-widget-image\"\/>\n\t\t\t<\/a><\/div>\n\n<\/div><\/div><\/div><\/div><\/div>","protected":false},"excerpt":{"rendered":"<p>El Consejo de Acreditaci\u00f3n de la Comunicaci\u00f3n y las Ciencias Sociales A. C. (CONAC), firm\u00f3 convenios con pares institucionales con la Agencia Acreditadora de Chile S.A. y con la Agencia&#8230;<\/p>\n","protected":false},"author":2,"featured_media":0,"parent":0,"menu_order":0,"comment_status":"closed","ping_status":"closed","template":"","meta":{"_monsterinsights_skip_tracking":false,"_monsterinsights_sitenote_active":false,"_monsterinsights_sitenote_note":"","_monsterinsights_sitenote_category":0,"footnotes":""},"class_list":["post-3745","page","type-page","status-publish"],"yoast_head":"<!-- This site is optimized with the Yoast SEO Premium plugin v23.6 (Yoast SEO v26.8) - https:\/\/yoast.com\/product\/yoast-seo-premium-wordpress\/ -->\n<title>Alianzas estrat\u00e9gicas - CONAC A.C.<\/title>\n<meta name=\"description\" content=\"Consejo de acreditaci\u00f3n de la Comunicaci\u00f3n y las Ciencias Sociales\" \/>\n<meta name=\"robots\" content=\"index, follow, max-snippet:-1, max-image-preview:large, max-video-preview:-1\" \/>\n<link rel=\"canonical\" href=\"https:\/\/www.conac-ac.org\/v2\/alianzas-estrategicas\/\" \/>\n<meta property=\"og:locale\" content=\"es_ES\" \/>\n<meta property=\"og:type\" content=\"article\" \/>\n<meta property=\"og:title\" content=\"Alianzas estrat\u00e9gicas\" \/>\n<meta property=\"og:description\" content=\"Consejo de acreditaci\u00f3n de la Comunicaci\u00f3n y las Ciencias Sociales\" \/>\n<meta property=\"og:url\" content=\"https:\/\/www.conac-ac.org\/v2\/alianzas-estrategicas\/\" \/>\n<meta property=\"og:site_name\" content=\"CONAC A.C.\" \/>\n<meta property=\"article:publisher\" content=\"https:\/\/www.facebook.com\/conac.org\/\" \/>\n<meta property=\"article:modified_time\" content=\"2024-12-18T04:49:49+00:00\" \/>\n<meta property=\"og:image\" content=\"https:\/\/www.conac-ac.org\/v2\/wp-content\/uploads\/2023\/01\/logo.png\" \/>\n\t<meta property=\"og:image:width\" content=\"600\" \/>\n\t<meta property=\"og:image:height\" content=\"365\" \/>\n\t<meta property=\"og:image:type\" content=\"image\/png\" \/>\n<meta name=\"twitter:card\" content=\"summary_large_image\" \/>\n<meta name=\"twitter:label1\" content=\"Tiempo de lectura\" \/>\n\t<meta name=\"twitter:data1\" content=\"2 minutos\" \/>\n<script type=\"application\/ld+json\" class=\"yoast-schema-graph\">{\"@context\":\"https:\/\/schema.org\",\"@graph\":[{\"@type\":\"WebPage\",\"@id\":\"https:\/\/www.conac-ac.org\/v2\/alianzas-estrategicas\/\",\"url\":\"https:\/\/www.conac-ac.org\/v2\/alianzas-estrategicas\/\",\"name\":\"Alianzas estrat\u00e9gicas - CONAC A.C.\",\"isPartOf\":{\"@id\":\"https:\/\/www.conac-ac.org\/v2\/#website\"},\"datePublished\":\"2021-10-01T19:21:01+00:00\",\"dateModified\":\"2024-12-18T04:49:49+00:00\",\"description\":\"Consejo de acreditaci\u00f3n de la Comunicaci\u00f3n y las Ciencias Sociales\",\"breadcrumb\":{\"@id\":\"https:\/\/www.conac-ac.org\/v2\/alianzas-estrategicas\/#breadcrumb\"},\"inLanguage\":\"es\",\"potentialAction\":[{\"@type\":\"ReadAction\",\"target\":[\"https:\/\/www.conac-ac.org\/v2\/alianzas-estrategicas\/\"]}]},{\"@type\":\"BreadcrumbList\",\"@id\":\"https:\/\/www.conac-ac.org\/v2\/alianzas-estrategicas\/#breadcrumb\",\"itemListElement\":[{\"@type\":\"ListItem\",\"position\":1,\"name\":\"Inicio\",\"item\":\"https:\/\/www.conac-ac.org\/v2\/\"},{\"@type\":\"ListItem\",\"position\":2,\"name\":\"Alianzas estrat\u00e9gicas\"}]},{\"@type\":\"WebSite\",\"@id\":\"https:\/\/www.conac-ac.org\/v2\/#website\",\"url\":\"https:\/\/www.conac-ac.org\/v2\/\",\"name\":\"CONAC A.C.\",\"description\":\"CONAC\",\"publisher\":{\"@id\":\"https:\/\/www.conac-ac.org\/v2\/#organization\"},\"alternateName\":\"Consejo de acreditaci\u00f3n de la Comunicaci\u00f3n y las Ciencias Sociales\",\"potentialAction\":[{\"@type\":\"SearchAction\",\"target\":{\"@type\":\"EntryPoint\",\"urlTemplate\":\"https:\/\/www.conac-ac.org\/v2\/?s={search_term_string}\"},\"query-input\":{\"@type\":\"PropertyValueSpecification\",\"valueRequired\":true,\"valueName\":\"search_term_string\"}}],\"inLanguage\":\"es\"},{\"@type\":\"Organization\",\"@id\":\"https:\/\/www.conac-ac.org\/v2\/#organization\",\"name\":\"CONAC\",\"alternateName\":\"Consejo de acreditaci\u00f3n de la Comunicaci\u00f3n y las Ciencias Sociales\",\"url\":\"https:\/\/www.conac-ac.org\/v2\/\",\"logo\":{\"@type\":\"ImageObject\",\"inLanguage\":\"es\",\"@id\":\"https:\/\/www.conac-ac.org\/v2\/#\/schema\/logo\/image\/\",\"url\":\"https:\/\/i0.wp.com\/www.conac-ac.org\/v2\/wp-content\/uploads\/2023\/01\/logo.png?fit=600%2C365&ssl=1\",\"contentUrl\":\"https:\/\/i0.wp.com\/www.conac-ac.org\/v2\/wp-content\/uploads\/2023\/01\/logo.png?fit=600%2C365&ssl=1\",\"width\":600,\"height\":365,\"caption\":\"CONAC\"},\"image\":{\"@id\":\"https:\/\/www.conac-ac.org\/v2\/#\/schema\/logo\/image\/\"},\"sameAs\":[\"https:\/\/www.facebook.com\/conac.org\/\",\"https:\/\/www.linkedin.com\/company\/conac-organismo-acreditador\/\",\"https:\/\/www.instagram.com\/conac_org\",\"https:\/\/www.youtube.com\/@conaca.c.732\"],\"description\":\"Consejo de acreditaci\u00f3n de la Comunicaci\u00f3n y las Ciencias Sociales\"}]}<\/script>\n<!-- \/ Yoast SEO Premium plugin. -->","yoast_head_json":{"title":"Alianzas estrat\u00e9gicas - CONAC A.C.","description":"Consejo de acreditaci\u00f3n de la Comunicaci\u00f3n y las Ciencias Sociales","robots":{"index":"index","follow":"follow","max-snippet":"max-snippet:-1","max-image-preview":"max-image-preview:large","max-video-preview":"max-video-preview:-1"},"canonical":"https:\/\/www.conac-ac.org\/v2\/alianzas-estrategicas\/","og_locale":"es_ES","og_type":"article","og_title":"Alianzas estrat\u00e9gicas","og_description":"Consejo de acreditaci\u00f3n de la Comunicaci\u00f3n y las Ciencias Sociales","og_url":"https:\/\/www.conac-ac.org\/v2\/alianzas-estrategicas\/","og_site_name":"CONAC A.C.","article_publisher":"https:\/\/www.facebook.com\/conac.org\/","article_modified_time":"2024-12-18T04:49:49+00:00","og_image":[{"width":600,"height":365,"url":"https:\/\/www.conac-ac.org\/v2\/wp-content\/uploads\/2023\/01\/logo.png","type":"image\/png"}],"twitter_card":"summary_large_image","twitter_misc":{"Tiempo de lectura":"2 minutos"},"schema":{"@context":"https:\/\/schema.org","@graph":[{"@type":"WebPage","@id":"https:\/\/www.conac-ac.org\/v2\/alianzas-estrategicas\/","url":"https:\/\/www.conac-ac.org\/v2\/alianzas-estrategicas\/","name":"Alianzas estrat\u00e9gicas - CONAC A.C.","isPartOf":{"@id":"https:\/\/www.conac-ac.org\/v2\/#website"},"datePublished":"2021-10-01T19:21:01+00:00","dateModified":"2024-12-18T04:49:49+00:00","description":"Consejo de acreditaci\u00f3n de la Comunicaci\u00f3n y las Ciencias Sociales","breadcrumb":{"@id":"https:\/\/www.conac-ac.org\/v2\/alianzas-estrategicas\/#breadcrumb"},"inLanguage":"es","potentialAction":[{"@type":"ReadAction","target":["https:\/\/www.conac-ac.org\/v2\/alianzas-estrategicas\/"]}]},{"@type":"BreadcrumbList","@id":"https:\/\/www.conac-ac.org\/v2\/alianzas-estrategicas\/#breadcrumb","itemListElement":[{"@type":"ListItem","position":1,"name":"Inicio","item":"https:\/\/www.conac-ac.org\/v2\/"},{"@type":"ListItem","position":2,"name":"Alianzas estrat\u00e9gicas"}]},{"@type":"WebSite","@id":"https:\/\/www.conac-ac.org\/v2\/#website","url":"https:\/\/www.conac-ac.org\/v2\/","name":"CONAC A.C.","description":"CONAC","publisher":{"@id":"https:\/\/www.conac-ac.org\/v2\/#organization"},"alternateName":"Consejo de acreditaci\u00f3n de la Comunicaci\u00f3n y las Ciencias Sociales","potentialAction":[{"@type":"SearchAction","target":{"@type":"EntryPoint","urlTemplate":"https:\/\/www.conac-ac.org\/v2\/?s={search_term_string}"},"query-input":{"@type":"PropertyValueSpecification","valueRequired":true,"valueName":"search_term_string"}}],"inLanguage":"es"},{"@type":"Organization","@id":"https:\/\/www.conac-ac.org\/v2\/#organization","name":"CONAC","alternateName":"Consejo de acreditaci\u00f3n de la Comunicaci\u00f3n y las Ciencias Sociales","url":"https:\/\/www.conac-ac.org\/v2\/","logo":{"@type":"ImageObject","inLanguage":"es","@id":"https:\/\/www.conac-ac.org\/v2\/#\/schema\/logo\/image\/","url":"https:\/\/i0.wp.com\/www.conac-ac.org\/v2\/wp-content\/uploads\/2023\/01\/logo.png?fit=600%2C365&ssl=1","contentUrl":"https:\/\/i0.wp.com\/www.conac-ac.org\/v2\/wp-content\/uploads\/2023\/01\/logo.png?fit=600%2C365&ssl=1","width":600,"height":365,"caption":"CONAC"},"image":{"@id":"https:\/\/www.conac-ac.org\/v2\/#\/schema\/logo\/image\/"},"sameAs":["https:\/\/www.facebook.com\/conac.org\/","https:\/\/www.linkedin.com\/company\/conac-organismo-acreditador\/","https:\/\/www.instagram.com\/conac_org","https:\/\/www.youtube.com\/@conaca.c.732"],"description":"Consejo de acreditaci\u00f3n de la Comunicaci\u00f3n y las Ciencias Sociales"}]}},"_links":{"self":[{"href":"https:\/\/www.conac-ac.org\/v2\/wp-json\/wp\/v2\/pages\/3745","targetHints":{"allow":["GET"]}}],"collection":[{"href":"https:\/\/www.conac-ac.org\/v2\/wp-json\/wp\/v2\/pages"}],"about":[{"href":"https:\/\/www.conac-ac.org\/v2\/wp-json\/wp\/v2\/types\/page"}],"author":[{"embeddable":true,"href":"https:\/\/www.conac-ac.org\/v2\/wp-json\/wp\/v2\/users\/2"}],"replies":[{"embeddable":true,"href":"https:\/\/www.conac-ac.org\/v2\/wp-json\/wp\/v2\/comments?post=3745"}],"version-history":[{"count":41,"href":"https:\/\/www.conac-ac.org\/v2\/wp-json\/wp\/v2\/pages\/3745\/revisions"}],"predecessor-version":[{"id":4999,"href":"https:\/\/www.conac-ac.org\/v2\/wp-json\/wp\/v2\/pages\/3745\/revisions\/4999"}],"wp:attachment":[{"href":"https:\/\/www.conac-ac.org\/v2\/wp-json\/wp\/v2\/media?parent=3745"}],"curies":[{"name":"wp","href":"https:\/\/api.w.org\/{rel}","templated":true}]}}