{"id":1799,"date":"2018-08-14T11:29:24","date_gmt":"2018-08-14T16:29:24","guid":{"rendered":"https:\/\/www.conac-ac.org\/v2\/?page_id=1799"},"modified":"2018-08-14T11:40:35","modified_gmt":"2018-08-14T16:40:35","slug":"universidad-autonoma-de-baja-california","status":"publish","type":"page","link":"https:\/\/www.conac-ac.org\/v2\/programas-academicos-acreditados\/universidad-autonoma-de-baja-california\/","title":{"rendered":"Universidad Aut\u00f3noma de Baja California"},"content":{"rendered":"<div id=\"pl-1799\"  class=\"panel-layout\" ><div id=\"pg-1799-0\"  class=\"panel-grid panel-no-style\" ><div id=\"pgc-1799-0-0\"  class=\"panel-grid-cell\" ><div id=\"panel-1799-0-0-0\" class=\"so-panel widget widget_sow-image panel-first-child panel-last-child\" data-index=\"0\" ><div\n\t\t\t\n\t\t\tclass=\"so-widget-sow-image so-widget-sow-image-default-c67d20f9f743-1799\"\n\t\t\t\n\t\t>\n<div class=\"sow-image-container\">\n\t\t<img \n\tsrc=\"https:\/\/www.conac-ac.org\/v2\/wp-content\/uploads\/documentos\/acreditaciones\/imagenes\/REC-UNI-ACRE-10-0818-026.jpg\" title=\"Universidad Aut\u00f3noma de Baja California\" alt=\"\" \t\tclass=\"so-widget-image\"\/>\n\t<\/div>\n\n<\/div><\/div><\/div><div id=\"pgc-1799-0-1\"  class=\"panel-grid-cell\" ><div id=\"panel-1799-0-1-0\" class=\"so-panel widget widget_sow-image panel-first-child\" data-index=\"1\" ><div\n\t\t\t\n\t\t\tclass=\"so-widget-sow-image so-widget-sow-image-default-c67d20f9f743-1799\"\n\t\t\t\n\t\t>\n<div class=\"sow-image-container\">\n\t\t<img \n\tsrc=\"https:\/\/www.conac-ac.org\/v2\/wp-content\/uploads\/2018\/08\/UABC.jpg\" width=\"170\" height=\"130\" sizes=\"(max-width: 170px) 100vw, 170px\" alt=\"\" \t\tclass=\"so-widget-image\"\/>\n\t<\/div>\n\n<\/div><\/div><div id=\"panel-1799-0-1-1\" class=\"so-panel widget widget_sow-editor panel-last-child\" data-index=\"2\" ><div\n\t\t\t\n\t\t\tclass=\"so-widget-sow-editor so-widget-sow-editor-base\"\n\t\t\t\n\t\t>\n<div class=\"siteorigin-widget-tinymce textwidget\">\n\t<table border=\"0\" width=\"470\" cellspacing=\"0\" cellpadding=\"0\" align=\"left\">\n<tbody>\n<tr>\n<td colspan=\"2\" width=\"453\"><b>UNIDAD ACAD\u00c9MICA:\u00a0<\/b>Facultad de Humanidades y Ciencias Sociales<\/td>\n<\/tr>\n<tr>\n<td width=\"210\"><b>CAMPUS:<\/b> <b>Tijuana<\/b><\/td>\n<td><b>ESTADO: <\/b>Baja California<\/td>\n<\/tr>\n<tr>\n<td colspan=\"2\" width=\"453\"><b>PROGRAMA: <\/b><a class=\"textos-i\" href=\"https:\/\/www.uabchumanidades.com\/comunicacion\" target=\"_blank\" rel=\"noopener\"><b>Licenciatura en Ciencias de la Comunicaci\u00f3n<\/b><\/a><\/td>\n<\/tr>\n<tr>\n<td width=\"210\"><b>ORGANISMO: <\/b>CONAC<\/td>\n<td><b>VIGENCIA: <\/b>2023-08-06<\/td>\n<\/tr>\n<\/tbody>\n<\/table>\n<h4><\/h4>\n<h4><\/h4>\n<h4><\/h4>\n<h4><\/h4>\n<h4>Constancia de acreditaci\u00f3n en PDF por CONAC<\/h4>\n<p><a href=\"https:\/\/www.conac-ac.org\/v2\/wp-content\/uploads\/documentos\/acreditaciones\/REC-UNI-ACRE-10-0818-026.pdf\" target=\"_blank\" rel=\"noopener\"><img loading=\"lazy\" decoding=\"async\" class=\"alignleft wp-image-481 size-full\" src=\"https:\/\/www.conac-ac.org\/v2\/wp-content\/uploads\/2017\/11\/btn-constancia.jpg\" alt=\"\" width=\"220\" height=\"37\" \/><\/a><\/p>\n<\/div>\n<\/div><\/div><\/div><\/div><\/div>","protected":false},"excerpt":{"rendered":"<p>UNIDAD ACAD\u00c9MICA:\u00a0Facultad de Humanidades y Ciencias Sociales CAMPUS: Tijuana ESTADO: Baja California PROGRAMA: Licenciatura en Ciencias de la Comunicaci\u00f3n ORGANISMO: CONAC VIGENCIA: 2023-08-06 Constancia de acreditaci\u00f3n en PDF por CONAC<\/p>\n","protected":false},"author":2,"featured_media":1802,"parent":300,"menu_order":0,"comment_status":"closed","ping_status":"closed","template":"","meta":{"_monsterinsights_skip_tracking":false,"_monsterinsights_sitenote_active":false,"_monsterinsights_sitenote_note":"","_monsterinsights_sitenote_category":0,"footnotes":""},"class_list":["post-1799","page","type-page","status-publish","has-post-thumbnail"],"yoast_head":"<!-- This site is optimized with the Yoast SEO Premium plugin v23.6 (Yoast SEO v26.8) - https:\/\/yoast.com\/product\/yoast-seo-premium-wordpress\/ -->\n<title>Universidad Aut\u00f3noma de Baja California - CONAC A.C.<\/title>\n<meta name=\"description\" content=\"Consejo de acreditaci\u00f3n de la Comunicaci\u00f3n y las Ciencias Sociales\" \/>\n<meta name=\"robots\" content=\"index, follow, max-snippet:-1, max-image-preview:large, max-video-preview:-1\" \/>\n<link rel=\"canonical\" href=\"https:\/\/www.conac-ac.org\/v2\/programas-academicos-acreditados\/universidad-autonoma-de-baja-california\/\" \/>\n<meta property=\"og:locale\" content=\"es_ES\" \/>\n<meta property=\"og:type\" content=\"article\" \/>\n<meta property=\"og:title\" content=\"Universidad Aut\u00f3noma de Baja California\" \/>\n<meta property=\"og:description\" content=\"Consejo de acreditaci\u00f3n de la Comunicaci\u00f3n y las Ciencias Sociales\" \/>\n<meta property=\"og:url\" content=\"https:\/\/www.conac-ac.org\/v2\/programas-academicos-acreditados\/universidad-autonoma-de-baja-california\/\" \/>\n<meta property=\"og:site_name\" content=\"CONAC A.C.\" \/>\n<meta property=\"article:publisher\" content=\"https:\/\/www.facebook.com\/conac.org\/\" \/>\n<meta property=\"article:modified_time\" content=\"2018-08-14T16:40:35+00:00\" \/>\n<meta property=\"og:image\" content=\"https:\/\/www.conac-ac.org\/v2\/wp-content\/uploads\/2018\/08\/UABC.jpg\" \/>\n\t<meta property=\"og:image:width\" content=\"170\" \/>\n\t<meta property=\"og:image:height\" content=\"130\" \/>\n\t<meta property=\"og:image:type\" content=\"image\/jpeg\" \/>\n<meta name=\"twitter:card\" content=\"summary_large_image\" \/>\n<script type=\"application\/ld+json\" class=\"yoast-schema-graph\">{\"@context\":\"https:\/\/schema.org\",\"@graph\":[{\"@type\":\"WebPage\",\"@id\":\"https:\/\/www.conac-ac.org\/v2\/programas-academicos-acreditados\/universidad-autonoma-de-baja-california\/\",\"url\":\"https:\/\/www.conac-ac.org\/v2\/programas-academicos-acreditados\/universidad-autonoma-de-baja-california\/\",\"name\":\"Universidad Aut\u00f3noma de Baja California - CONAC A.C.\",\"isPartOf\":{\"@id\":\"https:\/\/www.conac-ac.org\/v2\/#website\"},\"primaryImageOfPage\":{\"@id\":\"https:\/\/www.conac-ac.org\/v2\/programas-academicos-acreditados\/universidad-autonoma-de-baja-california\/#primaryimage\"},\"image\":{\"@id\":\"https:\/\/www.conac-ac.org\/v2\/programas-academicos-acreditados\/universidad-autonoma-de-baja-california\/#primaryimage\"},\"thumbnailUrl\":\"https:\/\/www.conac-ac.org\/v2\/wp-content\/uploads\/2018\/08\/UABC.jpg\",\"datePublished\":\"2018-08-14T16:29:24+00:00\",\"dateModified\":\"2018-08-14T16:40:35+00:00\",\"description\":\"Consejo de acreditaci\u00f3n de la Comunicaci\u00f3n y las Ciencias Sociales\",\"breadcrumb\":{\"@id\":\"https:\/\/www.conac-ac.org\/v2\/programas-academicos-acreditados\/universidad-autonoma-de-baja-california\/#breadcrumb\"},\"inLanguage\":\"es\",\"potentialAction\":[{\"@type\":\"ReadAction\",\"target\":[\"https:\/\/www.conac-ac.org\/v2\/programas-academicos-acreditados\/universidad-autonoma-de-baja-california\/\"]}]},{\"@type\":\"ImageObject\",\"inLanguage\":\"es\",\"@id\":\"https:\/\/www.conac-ac.org\/v2\/programas-academicos-acreditados\/universidad-autonoma-de-baja-california\/#primaryimage\",\"url\":\"https:\/\/www.conac-ac.org\/v2\/wp-content\/uploads\/2018\/08\/UABC.jpg\",\"contentUrl\":\"https:\/\/www.conac-ac.org\/v2\/wp-content\/uploads\/2018\/08\/UABC.jpg\",\"width\":170,\"height\":130},{\"@type\":\"BreadcrumbList\",\"@id\":\"https:\/\/www.conac-ac.org\/v2\/programas-academicos-acreditados\/universidad-autonoma-de-baja-california\/#breadcrumb\",\"itemListElement\":[{\"@type\":\"ListItem\",\"position\":1,\"name\":\"Inicio\",\"item\":\"https:\/\/www.conac-ac.org\/v2\/\"},{\"@type\":\"ListItem\",\"position\":2,\"name\":\"Programas Acad\u00e9micos Acreditados\",\"item\":\"https:\/\/www.conac-ac.org\/v2\/programas-academicos-acreditados\/\"},{\"@type\":\"ListItem\",\"position\":3,\"name\":\"Universidad Aut\u00f3noma de Baja California\"}]},{\"@type\":\"WebSite\",\"@id\":\"https:\/\/www.conac-ac.org\/v2\/#website\",\"url\":\"https:\/\/www.conac-ac.org\/v2\/\",\"name\":\"CONAC A.C.\",\"description\":\"CONAC\",\"publisher\":{\"@id\":\"https:\/\/www.conac-ac.org\/v2\/#organization\"},\"alternateName\":\"Consejo de acreditaci\u00f3n de la Comunicaci\u00f3n y las Ciencias Sociales\",\"potentialAction\":[{\"@type\":\"SearchAction\",\"target\":{\"@type\":\"EntryPoint\",\"urlTemplate\":\"https:\/\/www.conac-ac.org\/v2\/?s={search_term_string}\"},\"query-input\":{\"@type\":\"PropertyValueSpecification\",\"valueRequired\":true,\"valueName\":\"search_term_string\"}}],\"inLanguage\":\"es\"},{\"@type\":\"Organization\",\"@id\":\"https:\/\/www.conac-ac.org\/v2\/#organization\",\"name\":\"CONAC\",\"alternateName\":\"Consejo de acreditaci\u00f3n de la Comunicaci\u00f3n y las Ciencias Sociales\",\"url\":\"https:\/\/www.conac-ac.org\/v2\/\",\"logo\":{\"@type\":\"ImageObject\",\"inLanguage\":\"es\",\"@id\":\"https:\/\/www.conac-ac.org\/v2\/#\/schema\/logo\/image\/\",\"url\":\"https:\/\/i0.wp.com\/www.conac-ac.org\/v2\/wp-content\/uploads\/2023\/01\/logo.png?fit=600%2C365&ssl=1\",\"contentUrl\":\"https:\/\/i0.wp.com\/www.conac-ac.org\/v2\/wp-content\/uploads\/2023\/01\/logo.png?fit=600%2C365&ssl=1\",\"width\":600,\"height\":365,\"caption\":\"CONAC\"},\"image\":{\"@id\":\"https:\/\/www.conac-ac.org\/v2\/#\/schema\/logo\/image\/\"},\"sameAs\":[\"https:\/\/www.facebook.com\/conac.org\/\",\"https:\/\/www.linkedin.com\/company\/conac-organismo-acreditador\/\",\"https:\/\/www.instagram.com\/conac_org\",\"https:\/\/www.youtube.com\/@conaca.c.732\"],\"description\":\"Consejo de acreditaci\u00f3n de la Comunicaci\u00f3n y las Ciencias Sociales\"}]}<\/script>\n<!-- \/ Yoast SEO Premium plugin. -->","yoast_head_json":{"title":"Universidad Aut\u00f3noma de Baja California - CONAC A.C.","description":"Consejo de acreditaci\u00f3n de la Comunicaci\u00f3n y las Ciencias Sociales","robots":{"index":"index","follow":"follow","max-snippet":"max-snippet:-1","max-image-preview":"max-image-preview:large","max-video-preview":"max-video-preview:-1"},"canonical":"https:\/\/www.conac-ac.org\/v2\/programas-academicos-acreditados\/universidad-autonoma-de-baja-california\/","og_locale":"es_ES","og_type":"article","og_title":"Universidad Aut\u00f3noma de Baja California","og_description":"Consejo de acreditaci\u00f3n de la Comunicaci\u00f3n y las Ciencias Sociales","og_url":"https:\/\/www.conac-ac.org\/v2\/programas-academicos-acreditados\/universidad-autonoma-de-baja-california\/","og_site_name":"CONAC A.C.","article_publisher":"https:\/\/www.facebook.com\/conac.org\/","article_modified_time":"2018-08-14T16:40:35+00:00","og_image":[{"width":170,"height":130,"url":"https:\/\/www.conac-ac.org\/v2\/wp-content\/uploads\/2018\/08\/UABC.jpg","type":"image\/jpeg"}],"twitter_card":"summary_large_image","schema":{"@context":"https:\/\/schema.org","@graph":[{"@type":"WebPage","@id":"https:\/\/www.conac-ac.org\/v2\/programas-academicos-acreditados\/universidad-autonoma-de-baja-california\/","url":"https:\/\/www.conac-ac.org\/v2\/programas-academicos-acreditados\/universidad-autonoma-de-baja-california\/","name":"Universidad Aut\u00f3noma de Baja California - CONAC A.C.","isPartOf":{"@id":"https:\/\/www.conac-ac.org\/v2\/#website"},"primaryImageOfPage":{"@id":"https:\/\/www.conac-ac.org\/v2\/programas-academicos-acreditados\/universidad-autonoma-de-baja-california\/#primaryimage"},"image":{"@id":"https:\/\/www.conac-ac.org\/v2\/programas-academicos-acreditados\/universidad-autonoma-de-baja-california\/#primaryimage"},"thumbnailUrl":"https:\/\/www.conac-ac.org\/v2\/wp-content\/uploads\/2018\/08\/UABC.jpg","datePublished":"2018-08-14T16:29:24+00:00","dateModified":"2018-08-14T16:40:35+00:00","description":"Consejo de acreditaci\u00f3n de la Comunicaci\u00f3n y las Ciencias Sociales","breadcrumb":{"@id":"https:\/\/www.conac-ac.org\/v2\/programas-academicos-acreditados\/universidad-autonoma-de-baja-california\/#breadcrumb"},"inLanguage":"es","potentialAction":[{"@type":"ReadAction","target":["https:\/\/www.conac-ac.org\/v2\/programas-academicos-acreditados\/universidad-autonoma-de-baja-california\/"]}]},{"@type":"ImageObject","inLanguage":"es","@id":"https:\/\/www.conac-ac.org\/v2\/programas-academicos-acreditados\/universidad-autonoma-de-baja-california\/#primaryimage","url":"https:\/\/www.conac-ac.org\/v2\/wp-content\/uploads\/2018\/08\/UABC.jpg","contentUrl":"https:\/\/www.conac-ac.org\/v2\/wp-content\/uploads\/2018\/08\/UABC.jpg","width":170,"height":130},{"@type":"BreadcrumbList","@id":"https:\/\/www.conac-ac.org\/v2\/programas-academicos-acreditados\/universidad-autonoma-de-baja-california\/#breadcrumb","itemListElement":[{"@type":"ListItem","position":1,"name":"Inicio","item":"https:\/\/www.conac-ac.org\/v2\/"},{"@type":"ListItem","position":2,"name":"Programas Acad\u00e9micos Acreditados","item":"https:\/\/www.conac-ac.org\/v2\/programas-academicos-acreditados\/"},{"@type":"ListItem","position":3,"name":"Universidad Aut\u00f3noma de Baja California"}]},{"@type":"WebSite","@id":"https:\/\/www.conac-ac.org\/v2\/#website","url":"https:\/\/www.conac-ac.org\/v2\/","name":"CONAC A.C.","description":"CONAC","publisher":{"@id":"https:\/\/www.conac-ac.org\/v2\/#organization"},"alternateName":"Consejo de acreditaci\u00f3n de la Comunicaci\u00f3n y las Ciencias Sociales","potentialAction":[{"@type":"SearchAction","target":{"@type":"EntryPoint","urlTemplate":"https:\/\/www.conac-ac.org\/v2\/?s={search_term_string}"},"query-input":{"@type":"PropertyValueSpecification","valueRequired":true,"valueName":"search_term_string"}}],"inLanguage":"es"},{"@type":"Organization","@id":"https:\/\/www.conac-ac.org\/v2\/#organization","name":"CONAC","alternateName":"Consejo de acreditaci\u00f3n de la Comunicaci\u00f3n y las Ciencias Sociales","url":"https:\/\/www.conac-ac.org\/v2\/","logo":{"@type":"ImageObject","inLanguage":"es","@id":"https:\/\/www.conac-ac.org\/v2\/#\/schema\/logo\/image\/","url":"https:\/\/i0.wp.com\/www.conac-ac.org\/v2\/wp-content\/uploads\/2023\/01\/logo.png?fit=600%2C365&ssl=1","contentUrl":"https:\/\/i0.wp.com\/www.conac-ac.org\/v2\/wp-content\/uploads\/2023\/01\/logo.png?fit=600%2C365&ssl=1","width":600,"height":365,"caption":"CONAC"},"image":{"@id":"https:\/\/www.conac-ac.org\/v2\/#\/schema\/logo\/image\/"},"sameAs":["https:\/\/www.facebook.com\/conac.org\/","https:\/\/www.linkedin.com\/company\/conac-organismo-acreditador\/","https:\/\/www.instagram.com\/conac_org","https:\/\/www.youtube.com\/@conaca.c.732"],"description":"Consejo de acreditaci\u00f3n de la Comunicaci\u00f3n y las Ciencias Sociales"}]}},"_links":{"self":[{"href":"https:\/\/www.conac-ac.org\/v2\/wp-json\/wp\/v2\/pages\/1799","targetHints":{"allow":["GET"]}}],"collection":[{"href":"https:\/\/www.conac-ac.org\/v2\/wp-json\/wp\/v2\/pages"}],"about":[{"href":"https:\/\/www.conac-ac.org\/v2\/wp-json\/wp\/v2\/types\/page"}],"author":[{"embeddable":true,"href":"https:\/\/www.conac-ac.org\/v2\/wp-json\/wp\/v2\/users\/2"}],"replies":[{"embeddable":true,"href":"https:\/\/www.conac-ac.org\/v2\/wp-json\/wp\/v2\/comments?post=1799"}],"version-history":[{"count":4,"href":"https:\/\/www.conac-ac.org\/v2\/wp-json\/wp\/v2\/pages\/1799\/revisions"}],"predecessor-version":[{"id":1805,"href":"https:\/\/www.conac-ac.org\/v2\/wp-json\/wp\/v2\/pages\/1799\/revisions\/1805"}],"up":[{"embeddable":true,"href":"https:\/\/www.conac-ac.org\/v2\/wp-json\/wp\/v2\/pages\/300"}],"wp:featuredmedia":[{"embeddable":true,"href":"https:\/\/www.conac-ac.org\/v2\/wp-json\/wp\/v2\/media\/1802"}],"wp:attachment":[{"href":"https:\/\/www.conac-ac.org\/v2\/wp-json\/wp\/v2\/media?parent=1799"}],"curies":[{"name":"wp","href":"https:\/\/api.w.org\/{rel}","templated":true}]}}